{"id":2329,"date":"2018-01-15T12:22:03","date_gmt":"2018-01-15T11:22:03","guid":{"rendered":"http:\/\/v-tron.nl\/uber\/"},"modified":"2025-09-04T10:31:52","modified_gmt":"2025-09-04T08:31:52","slug":"uber","status":"publish","type":"page","link":"https:\/\/v-tron.nl\/de\/uber\/","title":{"rendered":"\u00dcber"},"content":{"rendered":"<p>[et_pb_section fb_built=&#8220;1&#8243; fullwidth=&#8220;on&#8220; _builder_version=&#8220;4.27.4&#8243; height=&#8220;450px&#8220; max_height=&#8220;450px&#8220; hover_enabled=&#8220;0&#8243; global_colors_info=&#8220;{}&#8220; background_color=&#8220;#B3B3B3&#8243; sticky_enabled=&#8220;0&#8243;][et_pb_fullwidth_slider _builder_version=&#8220;4.27.4&#8243; header_font=&#8220;|on|||&#8220; body_font=&#8220;|on|||&#8220; background_size=&#8220;initial&#8220; custom_button=&#8220;on&#8220; button_text_color=&#8220;#FFFFFF&#8220; button_bg_color=&#8220;#d3374a&#8220; button_border_color=&#8220;#d3374a&#8220; button_border_radius=&#8220;50px&#8220; custom_padding=&#8220;157px||170px|||&#8220; custom_padding_tablet=&#8220;|||&#8220; custom_padding_phone=&#8220;|||&#8220; hover_enabled=&#8220;0&#8243; header_text_shadow_style=&#8220;preset5&#8243; box_shadow_style=&#8220;preset6&#8243; box_shadow_blur=&#8220;10px&#8220; box_shadow_color=&#8220;rgba(0,0,0,0.1)&#8220; box_shadow_style_button=&#8220;preset2&#8243; global_colors_info=&#8220;{}&#8220; button_text_size__hover_enabled=&#8220;off&#8220; button_one_text_size__hover_enabled=&#8220;off&#8220; button_two_text_size__hover_enabled=&#8220;off&#8220; button_text_color__hover_enabled=&#8220;off&#8220; button_one_text_color__hover_enabled=&#8220;off&#8220; button_two_text_color__hover_enabled=&#8220;off&#8220; button_border_width__hover_enabled=&#8220;off&#8220; button_one_border_width__hover_enabled=&#8220;off&#8220; button_two_border_width__hover_enabled=&#8220;off&#8220; button_border_color__hover_enabled=&#8220;off&#8220; button_one_border_color__hover_enabled=&#8220;off&#8220; button_two_border_color__hover_enabled=&#8220;off&#8220; button_border_radius__hover_enabled=&#8220;off&#8220; button_one_border_radius__hover_enabled=&#8220;off&#8220; button_two_border_radius__hover_enabled=&#8220;off&#8220; button_letter_spacing__hover_enabled=&#8220;off&#8220; button_one_letter_spacing__hover_enabled=&#8220;off&#8220; button_two_letter_spacing__hover_enabled=&#8220;off&#8220; button_bg_color__hover_enabled=&#8220;off&#8220; button_one_bg_color__hover_enabled=&#8220;off&#8220; button_two_bg_color__hover_enabled=&#8220;off&#8220; background_color=&#8220;RGBA(255,255,255,0)&#8220; sticky_enabled=&#8220;0&#8243;][et_pb_slide heading=&#8220;\u00dcBER V-TRON&#8220; button_text=&#8220;KONTAKT&#8220; button_link=&#8220;https:\/\/v-tron.nl\/de\/kontaktieren-sie-uns\/&#8220; _builder_version=&#8220;4.27.4&#8243; background_color=&#8220;RGBA(255,255,255,0)&#8220; background_image=&#8220;https:\/\/v-tron.nl\/wp-content\/uploads\/about-us.jpg&#8220; hover_enabled=&#8220;0&#8243; global_colors_info=&#8220;{}&#8220; button_text_size__hover_enabled=&#8220;off&#8220; button_one_text_size__hover_enabled=&#8220;off&#8220; button_two_text_size__hover_enabled=&#8220;off&#8220; button_text_color__hover_enabled=&#8220;off&#8220; button_one_text_color__hover_enabled=&#8220;off&#8220; button_two_text_color__hover_enabled=&#8220;off&#8220; button_border_width__hover_enabled=&#8220;off&#8220; button_one_border_width__hover_enabled=&#8220;off&#8220; button_two_border_width__hover_enabled=&#8220;off&#8220; button_border_color__hover_enabled=&#8220;off&#8220; button_one_border_color__hover_enabled=&#8220;off&#8220; button_two_border_color__hover_enabled=&#8220;off&#8220; button_border_radius__hover_enabled=&#8220;off&#8220; button_one_border_radius__hover_enabled=&#8220;off&#8220; button_two_border_radius__hover_enabled=&#8220;off&#8220; button_letter_spacing__hover_enabled=&#8220;off&#8220; button_one_letter_spacing__hover_enabled=&#8220;off&#8220; button_two_letter_spacing__hover_enabled=&#8220;off&#8220; button_bg_color__hover_enabled=&#8220;off&#8220; button_one_bg_color__hover_enabled=&#8220;off&#8220; button_two_bg_color__hover_enabled=&#8220;off&#8220; sticky_transition=&#8220;on&#8220; background_enable_color=&#8220;on&#8220; sticky_enabled=&#8220;0&#8243;][\/et_pb_slide][\/et_pb_fullwidth_slider][\/et_pb_section][et_pb_section fb_built=&#8220;1&#8243; specialty=&#8220;on&#8220; _builder_version=&#8220;4.16&#8243; custom_padding=&#8220;19px|0px|0px|0px&#8220; global_colors_info=&#8220;{}&#8220;][et_pb_column type=&#8220;1_2&#8243; _builder_version=&#8220;4.16&#8243; custom_padding=&#8220;|||&#8220; global_colors_info=&#8220;{}&#8220; custom_padding__hover=&#8220;|||&#8220;][et_pb_image src=&#8220;https:\/\/v-tron.nl\/wp-content\/uploads\/wim-klaar.jpg&#8220; align=&#8220;center&#8220; align_tablet=&#8220;center&#8220; align_phone=&#8220;&#8220; align_last_edited=&#8220;on|desktop&#8220; _builder_version=&#8220;4.16&#8243; global_colors_info=&#8220;{}&#8220;][\/et_pb_image][et_pb_code _builder_version=&#8220;4.16&#8243; text_orientation=&#8220;center&#8220; global_colors_info=&#8220;{}&#8220;]<iframe loading=\"lazy\" src=\"https:\/\/youtube.com\/embed\/KPrJAUeUc-0?&amp;rel=0&amp;vq=hd720\" width=\"300\" height=\"200\" frameborder=\"0\" allowfullscreen=\"allowfullscreen\"><\/iframe>[\/et_pb_code][et_pb_image align_tablet=&#8220;center&#8220; align_phone=&#8220;&#8220; align_last_edited=&#8220;on|desktop&#8220; _builder_version=&#8220;4.16&#8243; global_colors_info=&#8220;{}&#8220;][\/et_pb_image][\/et_pb_column][et_pb_column type=&#8220;1_2&#8243; specialty_columns=&#8220;2&#8243; _builder_version=&#8220;4.16&#8243; custom_padding=&#8220;|||&#8220; global_colors_info=&#8220;{}&#8220; custom_padding__hover=&#8220;|||&#8220;][et_pb_row_inner _builder_version=&#8220;4.16&#8243; custom_padding=&#8220;29.6875px|0px|0px|0px&#8220; global_colors_info=&#8220;{}&#8220;][et_pb_column_inner saved_specialty_column_type=&#8220;1_2&#8243; _builder_version=&#8220;4.16&#8243; custom_padding=&#8220;|||&#8220; global_colors_info=&#8220;{}&#8220; custom_padding__hover=&#8220;|||&#8220;][et_pb_blurb title=&#8220;WALK MY TALK &#8211; Wim Vossebelt, CEO&#8220; _builder_version=&#8220;4.17.6&#8243; header_text_color=&#8220;#d3374a&#8220; header_font_size=&#8220;24px&#8220; global_colors_info=&#8220;{}&#8220;]<\/p>\n<p>\u201eWenn man mit innovativen Techniken arbeitet, ist Vertrauen ein unverzichtbares Element. Wir sind erfolgreich, weil wir die Bed\u00fcrfnisse unserer Kunden an erste Stelle setzen. Immer und unter allen Umst\u00e4nden. Die W\u00fcnsche unserer Kunden erhalten unsere volle Aufmerksamkeit. Denn wir m\u00f6chten, dass unsere individuelle L\u00f6sung f\u00fcr jeden Kunden zweifellos die beste ist.    <\/p>\n<p>Der T\u00e4tigkeitsbereich von V-tron ist zwar Mobilit\u00e4t, aber dahinter stehen eine Reihe von Werten, die das Unternehmen tragen. Ich glaube an Harmonie, Gleichheit und Verantwortung. Das scheint weit entfernt von unseren Produkten und Dienstleistungen zu sein, aber da wir Einblick in alles schaffen k\u00f6nnen, was mit Mobilit\u00e4t zu tun hat, k\u00f6nnen wir der Ausgangspunkt sein, um Dinge kontrollierbar zu machen. Wenn man Kapital harmonisch verteilen will, muss man sich zun\u00e4chst ansehen, wie wir dieses Kapital nutzen. Durch gute \u00dcberwachung kann man das Prinzip \u201eDer Nutzer zahlt\u201d verwirklichen. Damit jeder Verantwortung f\u00fcr sein Handeln \u00fcbernimmt. Anschlie\u00dfend kann man den Nutzer nach Belieben beeinflussen.      <\/p>\n<p>Technisch gesehen haben wir Menschen bereits alles erfunden, wir haben nur noch nicht immer die richtigen Anwendungen daf\u00fcr gefunden. Wenn man beispielsweise Mobilit\u00e4t als Dienstleistung betrachtet, ergeben sich allerlei Herausforderungen, die technische L\u00f6sungen erfordern. Diese Rolle m\u00f6chte V-tron gerne \u00fcbernehmen, indem es die Technik als Wegbereiter einsetzt.  <\/p>\n<p>\u00dcber den Tellerrand hinausdenken, lernen, M\u00f6glichkeiten schaffen \u2013 das sind die Aktivit\u00e4ten, die wir bei V-tron sch\u00e4tzen. Schnell reagieren, mitdenken, zusammenarbeiten, aufmerksam sein und individuelle L\u00f6sungen schaffen \u2013 das bieten wir unseren Kunden.&#8220;<\/p>\n<p>[\/et_pb_blurb][\/et_pb_column_inner][\/et_pb_row_inner][\/et_pb_column][\/et_pb_section][et_pb_section fb_built=&#8220;1&#8243; _builder_version=&#8220;4.18.0&#8243; _module_preset=&#8220;default&#8220; custom_padding=&#8220;4px||0px|||&#8220; global_colors_info=&#8220;{}&#8220;][et_pb_row _builder_version=&#8220;4.18.0&#8243; _module_preset=&#8220;default&#8220; custom_margin=&#8220;|auto|-18px|auto||&#8220; global_colors_info=&#8220;{}&#8220;][et_pb_column type=&#8220;4_4&#8243; _builder_version=&#8220;4.18.0&#8243; _module_preset=&#8220;default&#8220; global_colors_info=&#8220;{}&#8220;][et_pb_divider color=&#8220;#000000&#8243; divider_weight=&#8220;3px&#8220; _builder_version=&#8220;4.18.0&#8243; _module_preset=&#8220;default&#8220; global_colors_info=&#8220;{}&#8220;][\/et_pb_divider][\/et_pb_column][\/et_pb_row][\/et_pb_section][et_pb_section fb_built=&#8220;1&#8243; fullwidth=&#8220;on&#8220; _builder_version=&#8220;4.16&#8243; custom_padding=&#8220;0px|0px|0px|0px&#8220; global_colors_info=&#8220;{}&#8220;][et_pb_fullwidth_header title=&#8220;MISSION UND VISION VON V-TRON.&#8220; title_font_color=&#8220;#e02b20&#8243; _builder_version=&#8220;4.18.0&#8243; title_text_align=&#8220;left&#8220; title_text_color=&#8220;#d3374a&#8220; background_color=&#8220;rgba(255, 255, 255, 0)&#8220; background_layout=&#8220;light&#8220; custom_margin=&#8220;||-51px|||&#8220; custom_padding=&#8220;0px|||||&#8220; global_colors_info=&#8220;{}&#8220; button_one_text_size__hover_enabled=&#8220;off&#8220; button_two_text_size__hover_enabled=&#8220;off&#8220; button_one_text_color__hover_enabled=&#8220;off&#8220; button_two_text_color__hover_enabled=&#8220;off&#8220; button_one_border_width__hover_enabled=&#8220;off&#8220; button_two_border_width__hover_enabled=&#8220;off&#8220; button_one_border_color__hover_enabled=&#8220;off&#8220; button_two_border_color__hover_enabled=&#8220;off&#8220; button_one_border_radius__hover_enabled=&#8220;off&#8220; button_two_border_radius__hover_enabled=&#8220;off&#8220; button_one_letter_spacing__hover_enabled=&#8220;off&#8220; button_two_letter_spacing__hover_enabled=&#8220;off&#8220; button_one_bg_color__hover_enabled=&#8220;off&#8220; button_two_bg_color__hover_enabled=&#8220;off&#8220;]<\/p>\n<p>V-tron glaubt an Harmonie, Selbstbestimmung, Gleichberechtigung und Verantwortung. Dabei steht ein maximales Nutzererlebnis im Mittelpunkt. Mit innovativen Techniken m\u00f6chte V-tron den W\u00fcnschen und Bed\u00fcrfnissen der Interessengruppen (Nutzer) im Mobilit\u00e4ts- und Logistikbereich durch die Schaffung geeigneter L\u00f6sungen gerecht werden.  <\/p>\n<p>&nbsp;<\/p>\n<p>Bei V-tron stehen aus Sicht des Nutzers die drei S\u00e4ulen der Mobilit\u00e4t im Mittelpunkt:<\/p>\n<h4 style=\"text-align: center;\"><strong>Nachhaltigkeit, Sicherheit und Verkehrsfluss.<\/strong><\/h4>\n<p>&nbsp;<\/p>\n<p>Die Geschwindigkeit der technologischen Entwicklungen und die Anforderungen\/W\u00fcnsche der Nutzer sorgen f\u00fcr gro\u00dfe Ver\u00e4nderungen im Bereich Mobilit\u00e4t und Logistik. V-tron erwartet einen R\u00fcckzug der Beh\u00f6rden aus diesem Bereich. Alle Rollen im Bereich Mobilit\u00e4t und Logistik werden in den kommenden Jahren \u00fcberpr\u00fcft und neu definiert werden. Alle angeschlossenen Kettenpartner, die wie V-tron am t\u00e4glichen Betrieb in der Mobilit\u00e4tskette beteiligt sind, m\u00fcssen sich darauf einstellen. Dabei ist Zusammenarbeit unerl\u00e4sslich, denn in diesem komplexen \u00d6kosystem ist es unm\u00f6glich, diese Aufgabe alleine zu bew\u00e4ltigen. Mit den richtigen Partnern suchen wir nach innovativen M\u00f6glichkeiten, um ein passendes Nutzererlebnis zu schaffen.     <\/p>\n<p>[\/et_pb_fullwidth_header][\/et_pb_section][et_pb_section fb_built=&#8220;1&#8243; _builder_version=&#8220;4.16&#8243; background_color=&#8220;#f7f7f7&#8243; custom_padding=&#8220;0px|||||&#8220; global_colors_info=&#8220;{}&#8220;][et_pb_row _builder_version=&#8220;4.16&#8243; background_size=&#8220;initial&#8220; background_position=&#8220;top_left&#8220; background_repeat=&#8220;repeat&#8220; global_colors_info=&#8220;{}&#8220;][et_pb_column type=&#8220;4_4&#8243; _builder_version=&#8220;4.16&#8243; custom_padding=&#8220;|||&#8220; global_colors_info=&#8220;{}&#8220; custom_padding__hover=&#8220;|||&#8220;][et_pb_divider color=&#8220;#000000&#8243; divider_weight=&#8220;3px&#8220; _builder_version=&#8220;4.18.0&#8243; _module_preset=&#8220;default&#8220; global_colors_info=&#8220;{}&#8220;][\/et_pb_divider][et_pb_cta title=&#8220;Interessiert an unseren Produkten oder Dienstleistungen?&#8220; button_url=&#8220;https:\/\/v-tron.nl\/de\/kontaktieren-sie-uns\/&#8220; button_text=&#8220;Kontaktieren Sie uns&#8220; admin_label=&#8220;Call To Action&#8220; _builder_version=&#8220;4.17.6&#8243; use_background_color=&#8220;off&#8220; background_size=&#8220;initial&#8220; background_position=&#8220;top_left&#8220; background_repeat=&#8220;repeat&#8220; custom_button=&#8220;on&#8220; button_text_color=&#8220;#FFFFFF&#8220; button_bg_color=&#8220;#d3374a&#8220; button_border_color=&#8220;#d3374a&#8220; button_icon=&#8220;&#x45;||divi||400&#8243; background_layout=&#8220;light&#8220; box_shadow_style_button=&#8220;preset2&#8243; global_colors_info=&#8220;{}&#8220; button_text_size__hover_enabled=&#8220;off&#8220; button_one_text_size__hover_enabled=&#8220;off&#8220; button_two_text_size__hover_enabled=&#8220;off&#8220; button_text_color__hover_enabled=&#8220;off&#8220; button_one_text_color__hover_enabled=&#8220;off&#8220; button_two_text_color__hover_enabled=&#8220;off&#8220; button_border_width__hover_enabled=&#8220;off&#8220; button_one_border_width__hover_enabled=&#8220;off&#8220; button_two_border_width__hover_enabled=&#8220;off&#8220; button_border_color__hover_enabled=&#8220;off&#8220; button_one_border_color__hover_enabled=&#8220;off&#8220; button_two_border_color__hover_enabled=&#8220;off&#8220; button_border_radius__hover_enabled=&#8220;off&#8220; button_one_border_radius__hover_enabled=&#8220;off&#8220; button_two_border_radius__hover_enabled=&#8220;off&#8220; button_letter_spacing__hover_enabled=&#8220;off&#8220; button_one_letter_spacing__hover_enabled=&#8220;off&#8220; button_two_letter_spacing__hover_enabled=&#8220;off&#8220; button_bg_color__hover_enabled=&#8220;off&#8220; button_one_bg_color__hover_enabled=&#8220;off&#8220; button_two_bg_color__hover_enabled=&#8220;off&#8220;][\/et_pb_cta][\/et_pb_column][\/et_pb_row][\/et_pb_section]<\/p>\n","protected":false},"excerpt":{"rendered":"<p>\u201eWenn man mit innovativen Techniken arbeitet, ist Vertrauen ein unverzichtbares Element. Wir sind erfolgreich, weil wir die Bed\u00fcrfnisse unserer Kunden an erste Stelle setzen. Immer und unter allen Umst\u00e4nden. Die W\u00fcnsche unserer Kunden erhalten unsere volle Aufmerksamkeit. Denn wir m\u00f6chten, dass unsere individuelle L\u00f6sung f\u00fcr jeden Kunden zweifellos die beste ist. Der T\u00e4tigkeitsbereich von V-tron [&hellip;]<\/p>\n","protected":false},"author":1,"featured_media":0,"parent":0,"menu_order":0,"comment_status":"closed","ping_status":"closed","template":"","meta":{"_et_pb_use_builder":"on","_et_pb_old_content":"","_et_gb_content_width":"","_exactmetrics_skip_tracking":false,"_exactmetrics_sitenote_active":false,"_exactmetrics_sitenote_note":"","_exactmetrics_sitenote_category":0,"footnotes":""},"class_list":["post-2329","page","type-page","status-publish","hentry"],"_links":{"self":[{"href":"https:\/\/v-tron.nl\/de\/wp-json\/wp\/v2\/pages\/2329","targetHints":{"allow":["GET"]}}],"collection":[{"href":"https:\/\/v-tron.nl\/de\/wp-json\/wp\/v2\/pages"}],"about":[{"href":"https:\/\/v-tron.nl\/de\/wp-json\/wp\/v2\/types\/page"}],"author":[{"embeddable":true,"href":"https:\/\/v-tron.nl\/de\/wp-json\/wp\/v2\/users\/1"}],"replies":[{"embeddable":true,"href":"https:\/\/v-tron.nl\/de\/wp-json\/wp\/v2\/comments?post=2329"}],"version-history":[{"count":24,"href":"https:\/\/v-tron.nl\/de\/wp-json\/wp\/v2\/pages\/2329\/revisions"}],"predecessor-version":[{"id":15321,"href":"https:\/\/v-tron.nl\/de\/wp-json\/wp\/v2\/pages\/2329\/revisions\/15321"}],"wp:attachment":[{"href":"https:\/\/v-tron.nl\/de\/wp-json\/wp\/v2\/media?parent=2329"}],"curies":[{"name":"wp","href":"https:\/\/api.w.org\/{rel}","templated":true}]}}