{"id":11105,"date":"2022-10-21T15:16:46","date_gmt":"2022-10-21T13:16:46","guid":{"rendered":"https:\/\/v-tron.nl\/snelheidsassistent-voor-autobestuurders-kan-levens-redden\/"},"modified":"2022-10-21T15:18:46","modified_gmt":"2022-10-21T13:18:46","slug":"snelheidsassistent-voor-autobestuurders-kan-levens-redden","status":"publish","type":"page","link":"https:\/\/v-tron.nl\/de\/snelheidsassistent-voor-autobestuurders-kan-levens-redden\/","title":{"rendered":"Snelheidsassistent voor autobestuurders kan levens redden"},"content":{"rendered":"<p>[et_pb_section fb_built=&#8220;1&#8243; fullwidth=&#8220;on&#8220; _builder_version=&#8220;4.16&#8243; global_colors_info=&#8220;{}&#8220;][et_pb_fullwidth_slider _builder_version=&#8220;4.16&#8243; header_level=&#8220;h1&#8243; header_font=&#8220;|700|||||||&#8220; background_color=&#8220;#ffffff&#8220; background_image=&#8220;https:\/\/v-tron.nl\/wp-content\/uploads\/SOCIAL-FEED.png&#8220; global_colors_info=&#8220;{}&#8220; button_text_size__hover_enabled=&#8220;off&#8220; button_one_text_size__hover_enabled=&#8220;off&#8220; button_two_text_size__hover_enabled=&#8220;off&#8220; button_text_color__hover_enabled=&#8220;off&#8220; button_one_text_color__hover_enabled=&#8220;off&#8220; button_two_text_color__hover_enabled=&#8220;off&#8220; button_border_width__hover_enabled=&#8220;off&#8220; button_one_border_width__hover_enabled=&#8220;off&#8220; button_two_border_width__hover_enabled=&#8220;off&#8220; button_border_color__hover_enabled=&#8220;off&#8220; button_one_border_color__hover_enabled=&#8220;off&#8220; button_two_border_color__hover_enabled=&#8220;off&#8220; button_border_radius__hover_enabled=&#8220;off&#8220; button_one_border_radius__hover_enabled=&#8220;off&#8220; button_two_border_radius__hover_enabled=&#8220;off&#8220; button_letter_spacing__hover_enabled=&#8220;off&#8220; button_one_letter_spacing__hover_enabled=&#8220;off&#8220; button_two_letter_spacing__hover_enabled=&#8220;off&#8220; button_bg_color__hover_enabled=&#8220;off&#8220; button_one_bg_color__hover_enabled=&#8220;off&#8220; button_two_bg_color__hover_enabled=&#8220;off&#8220;][et_pb_slide heading=&#8220;Geschwindigkeitsassistent f\u00fcr Autofahrer k\u00f6nnte Leben retten&#8220; use_bg_overlay=&#8220;on&#8220; use_text_overlay=&#8220;off&#8220; _builder_version=&#8220;4.16&#8243; header_font=&#8220;|700|||||||&#8220; header_font_size=&#8220;47px&#8220; global_colors_info=&#8220;{}&#8220; sticky_transition=&#8220;on&#8220; button_text_size__hover_enabled=&#8220;off&#8220; button_one_text_size__hover_enabled=&#8220;off&#8220; button_two_text_size__hover_enabled=&#8220;off&#8220; button_text_color__hover_enabled=&#8220;off&#8220; button_one_text_color__hover_enabled=&#8220;off&#8220; button_two_text_color__hover_enabled=&#8220;off&#8220; button_border_width__hover_enabled=&#8220;off&#8220; button_one_border_width__hover_enabled=&#8220;off&#8220; button_two_border_width__hover_enabled=&#8220;off&#8220; button_border_color__hover_enabled=&#8220;off&#8220; button_one_border_color__hover_enabled=&#8220;off&#8220; button_two_border_color__hover_enabled=&#8220;off&#8220; button_border_radius__hover_enabled=&#8220;off&#8220; button_one_border_radius__hover_enabled=&#8220;off&#8220; button_two_border_radius__hover_enabled=&#8220;off&#8220; button_letter_spacing__hover_enabled=&#8220;off&#8220; button_one_letter_spacing__hover_enabled=&#8220;off&#8220; button_two_letter_spacing__hover_enabled=&#8220;off&#8220; button_bg_color__hover_enabled=&#8220;off&#8220; button_one_bg_color__hover_enabled=&#8220;off&#8220; button_two_bg_color__hover_enabled=&#8220;off&#8220;][\/et_pb_slide][\/et_pb_fullwidth_slider][\/et_pb_section][et_pb_section fb_built=&#8220;1&#8243; _builder_version=&#8220;4.16&#8243; global_colors_info=&#8220;{}&#8220;][et_pb_row _builder_version=&#8220;4.16&#8243; global_colors_info=&#8220;{}&#8220; column_structure=&#8220;1_3,1_3,1_3&#8243;][et_pb_column type=&#8220;1_3&#8243; _builder_version=&#8220;4.16&#8243; custom_padding=&#8220;|||&#8220; global_colors_info=&#8220;{}&#8220; custom_padding__hover=&#8220;|||&#8220;][\/et_pb_column][et_pb_column type=&#8220;1_3&#8243; _builder_version=&#8220;4.16&#8243; custom_padding=&#8220;|||&#8220; global_colors_info=&#8220;{}&#8220; custom_padding__hover=&#8220;|||&#8220;][et_pb_image src=&#8220;https:\/\/v-tron.nl\/wp-content\/uploads\/Logo-Interreg_Vlaanderen-Nederland_NL.jpg&#8220; align_tablet=&#8220;center&#8220; align_last_edited=&#8220;on|desktop&#8220; _builder_version=&#8220;4.16&#8243; global_colors_info=&#8220;{}&#8220; align_phone=&#8220;center&#8220;][\/et_pb_image][\/et_pb_column][et_pb_column type=&#8220;1_3&#8243; _builder_version=&#8220;4.16&#8243; custom_padding=&#8220;|||&#8220; global_colors_info=&#8220;{}&#8220; custom_padding__hover=&#8220;|||&#8220;][\/et_pb_column][\/et_pb_row][et_pb_row _builder_version=&#8220;4.16&#8243; global_colors_info=&#8220;{}&#8220;][et_pb_column type=&#8220;4_4&#8243; _builder_version=&#8220;4.16&#8243; custom_padding=&#8220;|||&#8220; global_colors_info=&#8220;{}&#8220; custom_padding__hover=&#8220;|||&#8220;][et_pb_blurb title=&#8220;Geschwindigkeitsassistent f\u00fcr Autofahrer k\u00f6nnte Leben retten&#8220; _builder_version=&#8220;4.18.0&#8243; header_level=&#8220;h1&#8243; header_font=&#8220;|700|||||||&#8220; hover_enabled=&#8220;0&#8243; global_colors_info=&#8220;{}&#8220; sticky_enabled=&#8220;0&#8243;]<\/p>\n<p>Geschwindigkeits\u00fcberschreitungen sind neben Trunkenheit die Hauptursache f\u00fcr schwere Verkehrsunf\u00e4lle. Eine fl\u00e4misch-niederl\u00e4ndische Partnerschaft arbeitet daher an einem Geschwindigkeitsassistenten f\u00fcr Autofahrer, der m\u00f6glicherweise Leben retten kann.<\/p>\n<p>Intelligente Geschwindigkeitsassistenz, kurz ISA genannt, ist eigentlich nichts Neues. Dynamische Geschwindigkeitsbegrenzer, die \u00fcber die zul\u00e4ssige Geschwindigkeit informieren oder die Geschwindigkeit des Fahrzeugs selbst anpassen, gibt es schon viel l\u00e4nger. Au\u00dferdem ist der praktische Nutzen von ISA seit langem erwiesen. In der Praxis ist die Verbreitung dieser Technologie jedoch noch begrenzt.<\/p>\n<p><strong>Mehr Verkehrssicherheit, weniger CO2-Emissionen<\/strong><\/p>\n<p>Die Partner dieses Projekts wollen herausfinden, warum ISA trotz der allgemeinen Begeisterung nicht weit verbreitet ist. Zu diesem Zweck wollen sie den potenziellen Mehrwert der Technologie f\u00fcr die Unternehmen sowie ihren sozialen und \u00f6kologischen Nutzen ermitteln. Schlie\u00dflich kann ein intelligenter Geschwindigkeitsassistent auch zu mehr Verkehrssicherheit und weniger CO2-Emissionen beitragen.<\/p>\n<p>In ISA arbeiten drei Unternehmen zusammen: ein fl\u00e4mischer und zwei niederl\u00e4ndische Partner. Das fl\u00e4mische Unternehmen Ixor ist auf Dienstleistungen f\u00fcr vernetzte Fahrzeuge spezialisiert, Beijer verf\u00fcgt \u00fcber Know-how bei der Erfassung von Fahrzeugdaten und V-tron bietet Produkte f\u00fcr vernetzte Fahrzeuge an. Die drei Partner bauen jeweils ein ISA-System aus ihrem eigenen technologischen Blickwinkel auf. Am Ende soll ein Prototyp stehen, der das Potenzial, aber auch die Grenzen der verschiedenen Typen aufzeigt. Bei diesem Prototyp liegt der Schwerpunkt nicht nur auf Hardwaremodulen, sondern auch auf dem allgegenw\u00e4rtigen Smartphone.<\/p>\n<p>Dar\u00fcber hinaus f\u00fchren die drei Partner unter der Koordination von Ixor Gespr\u00e4che mit verschiedenen potenziellen Akteuren, wie St\u00e4dten, Gemeinden und Versicherern. Hier kommt der grenz\u00fcberschreitende Charakter der CrossRoads2-Kooperation zum Tragen. Schlie\u00dflich handelt es sich nicht um ein rein technisches Projekt. Vor allem wollen die drei Partner eine m\u00f6glichst breite Unterst\u00fctzung f\u00fcr die ISA-Technologie schaffen, damit sie auch in Zukunft ein gesellschaftlicher und wirtschaftlicher Erfolg wird. Au\u00dferdem ist dieses Projekt Teil einer umfassenderen europ\u00e4ischen Initiative, die von der Stadt Helmond und FPS Mobility geleitet wird.<\/p>\n<p><strong>\u00d6ffentliche Vorf\u00fchrung<\/strong><\/p>\n<p>Bis Oktober wollen Ixor, V-tron und Beijer Testfahrzeuge bereitstellen, die mit ihren verschiedenen ISA-Technologien ausgestattet sind. Diese Prototypen werden allen Beteiligten und der \u00d6ffentlichkeit im Rahmen einer Demonstration vorgestellt.<\/p>\n<p>F\u00fcr weitere Informationen: <span><a href=\"http:\/\/www.ixor.be\">www.ixor.be<\/a><\/span>, <span><a href=\"http:\/\/www.v-tron.nl\">www.v-tron.nl<\/a><\/span> en <span><a href=\"http:\/\/www.beijer.com\">www.beijer.com<\/a><\/span><\/p>\n<p>[\/et_pb_blurb][\/et_pb_column][\/et_pb_row][et_pb_row _builder_version=&#8220;4.16&#8243; global_colors_info=&#8220;{}&#8220; column_structure=&#8220;1_3,1_3,1_3&#8243;][et_pb_column type=&#8220;1_3&#8243; _builder_version=&#8220;4.16&#8243; custom_padding=&#8220;|||&#8220; global_colors_info=&#8220;{}&#8220; custom_padding__hover=&#8220;|||&#8220;][et_pb_image src=&#8220;https:\/\/v-tron.nl\/wp-content\/uploads\/BEIJER-KLEIN.jpg&#8220; url=&#8220;https:\/\/www.beijer.com\/&#8220; align_tablet=&#8220;center&#8220; align_last_edited=&#8220;on|desktop&#8220; _builder_version=&#8220;4.16&#8243; global_colors_info=&#8220;{}&#8220; align_phone=&#8220;center&#8220;][\/et_pb_image][\/et_pb_column][et_pb_column type=&#8220;1_3&#8243; _builder_version=&#8220;4.16&#8243; custom_padding=&#8220;|||&#8220; global_colors_info=&#8220;{}&#8220; custom_padding__hover=&#8220;|||&#8220;][et_pb_image src=&#8220;https:\/\/v-tron.nl\/wp-content\/uploads\/IXOR-TALK-KLEIN.jpg&#8220; url=&#8220;https:\/\/ixor.be&#8220; align_tablet=&#8220;center&#8220; align_last_edited=&#8220;on|desktop&#8220; _builder_version=&#8220;4.16&#8243; global_colors_info=&#8220;{}&#8220; align_phone=&#8220;center&#8220;][\/et_pb_image][\/et_pb_column][et_pb_column type=&#8220;1_3&#8243; _builder_version=&#8220;4.16&#8243; custom_padding=&#8220;|||&#8220; global_colors_info=&#8220;{}&#8220; custom_padding__hover=&#8220;|||&#8220;][et_pb_image src=&#8220;https:\/\/v-tron.nl\/wp-content\/uploads\/V-TRON-KLEIN.jpg&#8220; url=&#8220;http:\/\/WWW.V-TRON.EU&#8220; align_tablet=&#8220;center&#8220; align_last_edited=&#8220;on|desktop&#8220; _builder_version=&#8220;4.16&#8243; global_colors_info=&#8220;{}&#8220; align_phone=&#8220;center&#8220;][\/et_pb_image][\/et_pb_column][\/et_pb_row][\/et_pb_section]<\/p>\n","protected":false},"excerpt":{"rendered":"<p>Geschwindigkeits\u00fcberschreitungen sind neben Trunkenheit die Hauptursache f\u00fcr schwere Verkehrsunf\u00e4lle. Eine fl\u00e4misch-niederl\u00e4ndische Partnerschaft arbeitet daher an einem Geschwindigkeitsassistenten f\u00fcr Autofahrer, der m\u00f6glicherweise Leben retten kann. Intelligente Geschwindigkeitsassistenz, kurz ISA genannt, ist eigentlich nichts Neues. Dynamische Geschwindigkeitsbegrenzer, die \u00fcber die zul\u00e4ssige Geschwindigkeit informieren oder die Geschwindigkeit des Fahrzeugs selbst anpassen, gibt es schon viel l\u00e4nger. Au\u00dferdem ist [&hellip;]<\/p>\n","protected":false},"author":1,"featured_media":0,"parent":0,"menu_order":0,"comment_status":"closed","ping_status":"closed","template":"","meta":{"_et_pb_use_builder":"on","_et_pb_old_content":"<p>[et_pb_section bb_built=\"1\"][et_pb_row][\/et_pb_row][\/et_pb_section]<\/p>","_et_gb_content_width":"","_exactmetrics_skip_tracking":false,"_exactmetrics_sitenote_active":false,"_exactmetrics_sitenote_note":"","_exactmetrics_sitenote_category":0,"footnotes":""},"class_list":["post-11105","page","type-page","status-publish","hentry"],"_links":{"self":[{"href":"https:\/\/v-tron.nl\/de\/wp-json\/wp\/v2\/pages\/11105","targetHints":{"allow":["GET"]}}],"collection":[{"href":"https:\/\/v-tron.nl\/de\/wp-json\/wp\/v2\/pages"}],"about":[{"href":"https:\/\/v-tron.nl\/de\/wp-json\/wp\/v2\/types\/page"}],"author":[{"embeddable":true,"href":"https:\/\/v-tron.nl\/de\/wp-json\/wp\/v2\/users\/1"}],"replies":[{"embeddable":true,"href":"https:\/\/v-tron.nl\/de\/wp-json\/wp\/v2\/comments?post=11105"}],"version-history":[{"count":2,"href":"https:\/\/v-tron.nl\/de\/wp-json\/wp\/v2\/pages\/11105\/revisions"}],"predecessor-version":[{"id":11111,"href":"https:\/\/v-tron.nl\/de\/wp-json\/wp\/v2\/pages\/11105\/revisions\/11111"}],"wp:attachment":[{"href":"https:\/\/v-tron.nl\/de\/wp-json\/wp\/v2\/media?parent=11105"}],"curies":[{"name":"wp","href":"https:\/\/api.w.org\/{rel}","templated":true}]}}