{"id":10917,"date":"2022-10-20T11:18:28","date_gmt":"2022-10-20T09:18:28","guid":{"rendered":"https:\/\/v-tron.nl\/privacy-statement\/"},"modified":"2022-10-20T12:05:30","modified_gmt":"2022-10-20T10:05:30","slug":"privacy-statement","status":"publish","type":"page","link":"https:\/\/v-tron.nl\/de\/privacy-statement\/","title":{"rendered":"PRIVACY STATEMENT"},"content":{"rendered":"<p>[et_pb_section fb_built=&#8220;1&#8243; _builder_version=&#8220;4.16&#8243; global_colors_info=&#8220;{}&#8220;][et_pb_row _builder_version=&#8220;4.16&#8243; global_colors_info=&#8220;{}&#8220;][et_pb_column type=&#8220;4_4&#8243; _builder_version=&#8220;4.16&#8243; custom_padding=&#8220;|||&#8220; global_colors_info=&#8220;{}&#8220; custom_padding__hover=&#8220;|||&#8220;][et_pb_blurb use_icon=&#8220;on&#8220; font_icon=&#8220;&#x68;||divi||400&#8243; _builder_version=&#8220;4.16&#8243; global_colors_info=&#8220;{}&#8220;][\/et_pb_blurb][\/et_pb_column][\/et_pb_row][et_pb_row _builder_version=&#8220;4.16&#8243; global_colors_info=&#8220;{}&#8220;][et_pb_column type=&#8220;4_4&#8243; _builder_version=&#8220;4.16&#8243; custom_padding=&#8220;|||&#8220; global_colors_info=&#8220;{}&#8220; custom_padding__hover=&#8220;|||&#8220;][et_pb_blurb title=&#8220;DATENSCHUTZERKL\u00c4RUNG&#8220; _builder_version=&#8220;4.18.0&#8243; hover_enabled=&#8220;0&#8243; global_colors_info=&#8220;{}&#8220; sticky_enabled=&#8220;0&#8243;]<\/p>\n<p>&nbsp;<\/p>\n<p><strong>Einleitung<\/strong><\/p>\n<p>V-tron nimmt den Schutz Ihrer Privatsph\u00e4re sehr ernst und verarbeitet und nutzt Informationen \u00fcber Sie (die betroffene Person) auf sichere Art und Weise. In dieser Datenschutzerkl\u00e4rung erl\u00e4utern wir Ihnen, welche Daten wir verarbeiten und zu welchem Zweck. Dar\u00fcber hinaus k\u00f6nnen Sie sich in dieser Datenschutzerkl\u00e4rung \u00fcber Ihre Rechte in Bezug auf die Verarbeitung Ihrer personenbezogenen Daten durch uns informieren. Wir empfehlen Ihnen, diese Datenschutzerkl\u00e4rung sorgf\u00e4ltig zu lesen. Bei Fragen k\u00f6nnen Sie sich jederzeit an <a href=\"mailto:backoffice@v-tron.eu\">backoffice@v-tron.eu<\/a>.<\/p>\n<p><strong>\u00a0<\/strong><\/p>\n<p><strong>Wer ist V-tron?<\/strong><\/p>\n<p>V-tron ist die Gesellschaft mit beschr\u00e4nkter Haftung V-tron B.V., mit Sitz in (7418 BG) Deventer, Swedenstraat 8A-22, eingetragen im Handelsregister der Handelskammer unter der Nummer 08159110.<\/p>\n<p>V-tron ist der Datenverantwortliche f\u00fcr die Verarbeitung Ihrer pers\u00f6nlichen Daten durch V-tron.<\/p>\n<p><strong>\u00a0<\/strong><\/p>\n<p><strong>Wie verwendet V-tron Ihre Daten?<\/strong><\/p>\n<p>Im Folgenden finden Sie einen \u00dcberblick \u00fcber die Zwecke, zu denen V-tron personenbezogene Daten \u00fcber Sie verarbeitet. In jedem Fall wird angegeben, welche Daten V-tron f\u00fcr den jeweiligen Zweck verwendet, auf welcher Rechtsgrundlage diese Daten verarbeitet werden und wie lange die Daten von V-tron gespeichert werden. Der \u00dcbersichtlichkeit halber haben wir alles nach der Art des Datenflusses gruppiert.<\/p>\n<p>&nbsp;<\/p>\n<p><strong>Dienstleistungen, Kundenmanagement und Finanzverwaltung<\/strong><\/p>\n<table style=\"height: 1642px; width: 0%;\" width=\"0%\">\n<tbody>\n<tr style=\"height: 24px;\">\n<td style=\"height: 24px; width: 140.418%;\">Ziel:<\/td>\n<td style=\"height: 24px; width: 1.74216%;\">Finanzielle Verwaltung<\/td>\n<\/tr>\n<tr style=\"height: 48px;\">\n<td style=\"height: 48px; width: 140.418%;\">Daten:<\/td>\n<td style=\"height: 48px; width: 1.74216%;\">Firmenname, Rechnungsadresse, Bankverbindung (Bankname\/IBAN\/BIC), ausstehender Saldo<\/td>\n<\/tr>\n<tr style=\"height: 24px;\">\n<td style=\"height: 24px; width: 140.418%;\">Basis:<\/td>\n<td style=\"height: 24px; width: 1.74216%;\">Ausf\u00fchrung der Vereinbarung<\/td>\n<\/tr>\n<tr style=\"height: 24px;\">\n<td style=\"height: 24px; width: 140.418%;\">Aufbewahrungsdauer:<\/td>\n<td style=\"height: 24px; width: 1.74216%;\">maximal 7 Jahre<\/td>\n<\/tr>\n<tr style=\"height: 10px;\">\n<td style=\"height: 10px; width: 140.418%;\"><\/td>\n<td style=\"height: 10px; width: 1.74216%;\"><\/td>\n<\/tr>\n<tr style=\"height: 24px;\">\n<td style=\"height: 24px; width: 140.418%;\">Ziel:<\/td>\n<td style=\"height: 24px; width: 1.74216%;\">Verwaltung der Bestellungen<\/td>\n<\/tr>\n<tr style=\"height: 96px;\">\n<td style=\"height: 96px; width: 140.418%;\">Daten:<\/td>\n<td style=\"height: 96px; width: 1.74216%;\">Namensangaben, Lieferadresse, Rechnungsadresse, E-Mail-Adresse, Telefonnummer, Zahlungsangaben, Kontonummer, Bestellnummer, Inhalt der Reklamation, Handelskammernummer, Umsatzsteuernummer, Kundennummer<\/td>\n<\/tr>\n<tr style=\"height: 24px;\">\n<td style=\"height: 24px; width: 140.418%;\">Basis:<\/td>\n<td style=\"height: 24px; width: 1.74216%;\">Ausf\u00fchrung der Vereinbarung<\/td>\n<\/tr>\n<tr style=\"height: 24px;\">\n<td style=\"height: 24px; width: 140.418%;\">Aufbewahrungsdauer:<\/td>\n<td style=\"height: 24px; width: 1.74216%;\">So lange wie f\u00fcr diesen Zweck notwendig<\/td>\n<\/tr>\n<tr style=\"height: 0px;\">\n<td style=\"height: 0px; width: 140.418%;\"><\/td>\n<td style=\"height: 0px; width: 1.74216%;\"><\/td>\n<\/tr>\n<tr style=\"height: 24px;\">\n<td style=\"height: 24px; width: 140.418%;\">Ziel:<\/td>\n<td style=\"height: 24px; width: 1.74216%;\">Behandlung von Beschwerden<\/td>\n<\/tr>\n<tr style=\"height: 96px;\">\n<td style=\"height: 96px; width: 140.418%;\">Daten:<\/td>\n<td style=\"height: 96px; width: 1.74216%;\">Namensangaben, Lieferadresse, Rechnungsadresse, E-Mail-Adresse, Telefonnummer, Zahlungsangaben, Kontonummer, Bestellnummer, Inhalt der Reklamation, Handelskammernummer, Umsatzsteuernummer, Kundennummer<\/td>\n<\/tr>\n<tr style=\"height: 24px;\">\n<td style=\"height: 24px; width: 140.418%;\">Basis:<\/td>\n<td style=\"height: 24px; width: 1.74216%;\">Ausf\u00fchrung der Vereinbarung<\/td>\n<\/tr>\n<tr style=\"height: 24px;\">\n<td style=\"height: 24px; width: 140.418%;\">Aufbewahrungsdauer:<\/td>\n<td style=\"height: 24px; width: 1.74216%;\">So lange wie f\u00fcr diesen Zweck notwendig<\/td>\n<\/tr>\n<tr style=\"height: 0px;\">\n<td style=\"height: 0px; width: 140.418%;\"><\/td>\n<td style=\"height: 0px; width: 1.74216%;\"><\/td>\n<\/tr>\n<tr style=\"height: 24px;\">\n<td style=\"height: 24px; width: 140.418%;\">Ziel:<\/td>\n<td style=\"height: 24px; width: 1.74216%;\">Rechnungsstellung<\/td>\n<\/tr>\n<tr style=\"height: 96px;\">\n<td style=\"height: 96px; width: 140.418%;\">Daten:<\/td>\n<td style=\"height: 96px; width: 1.74216%;\">Namensangaben, Lieferadresse, Rechnungsadresse, E-Mail-Adresse, Telefonnummer, Zahlungsangaben, Kontonummer, Bestellnummer, Inhalt der Reklamation, Handelskammernummer, Umsatzsteuernummer, Kundennummer<\/td>\n<\/tr>\n<tr style=\"height: 24px;\">\n<td style=\"height: 24px; width: 140.418%;\">Grondslag:<\/td>\n<td style=\"height: 24px; width: 1.74216%;\">Ausf\u00fchrung der Vereinbarung<\/td>\n<\/tr>\n<tr style=\"height: 72px;\">\n<td style=\"height: 72px; width: 140.418%;\">Aufbewahrungsdauer:<\/td>\n<td style=\"height: 72px; width: 1.74216%;\">So lange wie f\u00fcr diesen Zweck notwendig \u00a0\u00a0\u00a0\u00a0\u00a0\u00a0\u00a0\u00a0\u00a0\u00a0\u00a0\u00a0\u00a0\u00a0\u00a0\u00a0\u00a0\u00a0\u00a0\u00a0\u00a0\u00a0\u00a0\u00a0\u00a0\u00a0\u00a0\u00a0\u00a0\u00a0\u00a0\u00a0\u00a0\u00a0\u00a0\u00a0\u00a0\u00a0\u00a0\u00a0\u00a0\u00a0\u00a0\u00a0\u00a0\u00a0\u00a0\u00a0\u00a0\u00a0\u00a0\u00a0\u00a0\u00a0\u00a0\u00a0\u00a0\u00a0\u00a0\u00a0\u00a0\u00a0\u00a0\u00a0\u00a0\u00a0\u00a0\u00a0\u00a0\u00a0\u00a0\u00a0\u00a0\u00a0\u00a0\u00a0\u00a0\u00a0\u00a0\u00a0\u00a0\u00a0\u00a0 <u>Paraaf<\/u><\/td>\n<\/tr>\n<tr style=\"height: 0px;\">\n<td style=\"height: 0px; width: 140.418%;\"><\/td>\n<td style=\"height: 0px; width: 1.74216%;\"><\/td>\n<\/tr>\n<tr style=\"height: 24px;\">\n<td style=\"height: 24px; width: 140.418%;\">Ziel:<\/td>\n<td style=\"height: 24px; width: 1.74216%;\">Erbringung der Dienstleistung selbst<\/td>\n<\/tr>\n<tr style=\"height: 216px;\">\n<td style=\"height: 216px; width: 140.418%;\">Daten:<\/td>\n<td style=\"height: 216px; width: 1.74216%;\">\n<p>Namensdaten, E-Mail-Adresse, Dateidaten, Finanzdaten, Daten, die f\u00fcr die Erbringung der Dienstleistung erforderlich sind, Daten, die bei der Erbringung der Dienstleistung anfallen<\/p>\n<p>Sofern zutreffend: GPS-Standort des Fahrzeugs, amtliches Kennzeichen, Fahrverhalten des Fahrers, Kilometerstand, Privat-, Pendler- und Gesch\u00e4ftsfahrten und ID-Schl\u00fcssel<\/p>\n<\/td>\n<\/tr>\n<tr style=\"height: 24px;\">\n<td style=\"height: 24px; width: 140.418%;\">Basis:<\/td>\n<td style=\"height: 24px; width: 1.74216%;\">Ausf\u00fchrung der Vereinbarung<\/td>\n<\/tr>\n<tr style=\"height: 24px;\">\n<td style=\"height: 24px; width: 140.418%;\">Aufbewahrungsdauer:<\/td>\n<td style=\"height: 24px; width: 1.74216%;\">So lange wie f\u00fcr diesen Zweck notwendig<\/td>\n<\/tr>\n<tr style=\"height: 0px;\">\n<td style=\"height: 0px; width: 140.418%;\"><\/td>\n<td style=\"height: 0px; width: 1.74216%;\"><\/td>\n<\/tr>\n<tr style=\"height: 24px;\">\n<td style=\"height: 24px; width: 140.418%;\">Ziel:<\/td>\n<td style=\"height: 24px; width: 1.74216%;\">Behandlung von Beschwerden<\/td>\n<\/tr>\n<tr style=\"height: 96px;\">\n<td style=\"height: 96px; width: 140.418%;\">Daten:<\/td>\n<td style=\"height: 96px; width: 1.74216%;\">Namensdaten, E-Mail-Adresse, Dateidaten, Finanzdaten, Daten, die f\u00fcr die Erbringung der Dienstleistung erforderlich sind, Daten, die bei der Erbringung der Dienstleistung anfallen<\/td>\n<\/tr>\n<tr style=\"height: 24px;\">\n<td style=\"height: 24px; width: 140.418%;\">Basis:<\/td>\n<td style=\"height: 24px; width: 1.74216%;\">Ausf\u00fchrung der Vereinbarung<\/td>\n<\/tr>\n<tr style=\"height: 24px;\">\n<td style=\"height: 24px; width: 140.418%;\">Aufbewahrungsdauer:<\/td>\n<td style=\"height: 24px; width: 1.74216%;\">So lange wie f\u00fcr diesen Zweck notwendig<\/td>\n<\/tr>\n<tr style=\"height: 0px;\">\n<td style=\"height: 0px; width: 140.418%;\"><\/td>\n<td style=\"height: 0px; width: 1.74216%;\"><\/td>\n<\/tr>\n<tr style=\"height: 24px;\">\n<td style=\"height: 24px; width: 140.418%;\">Ziel:<\/td>\n<td style=\"height: 24px; width: 1.74216%;\">Rechnungsstellung<\/td>\n<\/tr>\n<tr style=\"height: 96px;\">\n<td style=\"height: 96px; width: 140.418%;\">Gegevens:<\/td>\n<td style=\"height: 96px; width: 1.74216%;\">Namensdaten, E-Mail-Adresse, Dateidaten, Finanzdaten, Daten, die f\u00fcr die Erbringung der Dienstleistung erforderlich sind, Daten, die bei der Erbringung der Dienstleistung anfallen<\/td>\n<\/tr>\n<tr style=\"height: 24px;\">\n<td style=\"height: 24px; width: 140.418%;\">Grondslag:<\/td>\n<td style=\"height: 24px; width: 1.74216%;\">Ausf\u00fchrung der Vereinbarung<\/td>\n<\/tr>\n<tr style=\"height: 24px;\">\n<td style=\"height: 24px; width: 140.418%;\">Aufbewahrungsdauer:<\/td>\n<td style=\"height: 24px; width: 1.74216%;\">So lange wie f\u00fcr diesen Zweck notwendig<\/td>\n<\/tr>\n<tr style=\"height: 0px;\">\n<td style=\"height: 0px; width: 140.418%;\"><\/td>\n<td style=\"height: 0px; width: 1.74216%;\"><\/td>\n<\/tr>\n<tr style=\"height: 24px;\">\n<td style=\"height: 24px; width: 140.418%;\">Ziel:<\/td>\n<td style=\"height: 24px; width: 1.74216%;\">CRM<\/td>\n<\/tr>\n<tr style=\"height: 48px;\">\n<td style=\"height: 48px; width: 140.418%;\">Daten:<\/td>\n<td style=\"height: 48px; width: 1.74216%;\">Name, E-Mail-Adresse, Standort, Bestellhistorie, Benutzer-ID, Telefonnummer<\/td>\n<\/tr>\n<tr style=\"height: 24px;\">\n<td style=\"height: 24px; width: 140.418%;\">Basis:<\/td>\n<td style=\"height: 24px; width: 1.74216%;\">Berechtigtes Interesse<\/td>\n<\/tr>\n<tr style=\"height: 48px;\">\n<td style=\"height: 48px; width: 140.418%;\">Beteiligtes Interesse:<\/td>\n<td style=\"height: 48px; width: 1.74216%;\">Kommerzielles Interesse<\/td>\n<\/tr>\n<tr style=\"height: 24px;\">\n<td style=\"height: 24px; width: 140.418%;\">Aufbewahrungsdauer:<\/td>\n<td style=\"height: 24px; width: 1.74216%;\">So lange wie f\u00fcr diesen Zweck notwendig<\/td>\n<\/tr>\n<tr style=\"height: 0px;\">\n<td style=\"height: 0px; width: 140.418%;\"><\/td>\n<td style=\"height: 0px; width: 1.74216%;\"><\/td>\n<\/tr>\n<tr style=\"height: 24px;\">\n<td style=\"height: 24px; width: 140.418%;\">Ziel:<\/td>\n<td style=\"height: 24px; width: 1.74216%;\">Anmeldung<\/td>\n<\/tr>\n<tr style=\"height: 48px;\">\n<td style=\"height: 48px; width: 140.418%;\">Daten:<\/td>\n<td style=\"height: 48px; width: 1.74216%;\">Name, E-Mail-Adresse, Standort, Bestellhistorie, Benutzer-ID, Telefonnummer<\/td>\n<\/tr>\n<tr style=\"height: 24px;\">\n<td style=\"height: 24px; width: 140.418%;\">Basis:<\/td>\n<td style=\"height: 24px; width: 1.74216%;\">Berechtigtes Interesse<\/td>\n<\/tr>\n<tr style=\"height: 48px;\">\n<td style=\"height: 48px; width: 140.418%;\">Beteiligtes Interesse:<\/td>\n<td style=\"height: 48px; width: 1.74216%;\">Kommerzielles Interesse<\/td>\n<\/tr>\n<tr style=\"height: 24px;\">\n<td style=\"height: 24px; width: 140.418%;\">Aufbewahrungsdauer:<\/td>\n<td style=\"height: 24px; width: 1.74216%;\">So lange wie f\u00fcr diesen Zweck notwendig<\/td>\n<\/tr>\n<tr style=\"height: 0px;\">\n<td style=\"height: 0px; width: 140.418%;\"><\/td>\n<td style=\"height: 0px; width: 1.74216%;\"><\/td>\n<\/tr>\n<\/tbody>\n<\/table>\n<p><strong>Marketing<\/strong><\/p>\n<table width=\"0%\">\n<tbody>\n<tr>\n<td>Ziel:<\/td>\n<td>Direktmarketing<\/td>\n<\/tr>\n<tr>\n<td>Daten:<\/td>\n<td>E-Mail Adresse, Klickverhalten, Benutzer-ID<\/td>\n<\/tr>\n<tr>\n<td>Basis:<\/td>\n<td>Berechtigtes Interesse<\/td>\n<\/tr>\n<tr>\n<td>Beteiligtes Interesse:<\/td>\n<td>Kommerzielles Interesse<\/td>\n<\/tr>\n<tr>\n<td>Aufbewahrungsdauer:<\/td>\n<td>So lange wie f\u00fcr diesen Zweck notwendig<\/td>\n<\/tr>\n<tr>\n<td><\/td>\n<td><\/td>\n<\/tr>\n<tr>\n<td>Ziel:<\/td>\n<td>Newsletter<\/td>\n<\/tr>\n<tr>\n<td>Daten:<\/td>\n<td>E-Mail Adresse, Klickverhalten, Benutzer-ID<\/td>\n<\/tr>\n<tr>\n<td>Basis:<\/td>\n<td>Berechtigtes Interesse<\/td>\n<\/tr>\n<tr>\n<td>Beteiligtes Interesse:<\/td>\n<td>Kommerzielles Interesse<\/td>\n<\/tr>\n<tr>\n<td>Aufbewahrungsdauer:<\/td>\n<td>So lange wie f\u00fcr diesen Zweck notwendig<\/td>\n<\/tr>\n<tr>\n<td><\/td>\n<td><\/td>\n<\/tr>\n<tr>\n<td>Ziel:<\/td>\n<td>Marketing f\u00fcr soziale Medien<\/td>\n<\/tr>\n<tr>\n<td>Daten:<\/td>\n<td>E-Mail Adresse, Klickverhalten, Benutzer-ID<\/td>\n<\/tr>\n<tr>\n<td>Basis:<\/td>\n<td>Berechtigtes Interesse<\/td>\n<\/tr>\n<tr>\n<td>Beteiligtes Interesse:<\/td>\n<td>Kommerzielles Interesse<\/td>\n<\/tr>\n<tr>\n<td>Aufbewahrungsdauer:<\/td>\n<td>So lange wie f\u00fcr diesen Zweck notwendig<\/td>\n<\/tr>\n<tr>\n<td><\/td>\n<td><\/td>\n<\/tr>\n<\/tbody>\n<\/table>\n<p><strong>Website<\/strong><\/p>\n<table width=\"0%\">\n<tbody>\n<tr>\n<td>Ziel:<\/td>\n<td>Website-Analysen<\/td>\n<\/tr>\n<tr>\n<td>Daten:<\/td>\n<td>Surfverhalten, Standort<\/td>\n<\/tr>\n<tr>\n<td>Basis:<\/td>\n<td>Berechtigtes Interesse<\/td>\n<\/tr>\n<tr>\n<td>Beteiligtes Interesse:<\/td>\n<td>Kommerzielles Interesse<\/td>\n<\/tr>\n<tr>\n<td>Aufbewahrungsdauer:<\/td>\n<td>So lange wie f\u00fcr diesen Zweck notwendig<\/td>\n<\/tr>\n<tr>\n<td><\/td>\n<td><\/td>\n<\/tr>\n<tr>\n<td>Ziel:<\/td>\n<td>Konto anbieten<\/td>\n<\/tr>\n<tr>\n<td>Daten:<\/td>\n<td>Name, Adresse, E-Mail-Adresse, Benutzername, Passwort, Benutzer-ID, Nachrichteninhalt<\/td>\n<\/tr>\n<tr>\n<td>Basis:<\/td>\n<td>Ausf\u00fchrung der Vereinbarung<\/td>\n<\/tr>\n<tr>\n<td>Aufbewahrungsdauer:<\/td>\n<td>So lange wie f\u00fcr diesen Zweck notwendig<\/td>\n<\/tr>\n<tr>\n<td><\/td>\n<\/tr>\n<\/tbody>\n<\/table>\n<p><strong>\u00a0<\/strong><\/p>\n<p><strong>Forschung &amp; Entwicklung<\/strong><\/p>\n<table width=\"0%\">\n<tbody>\n<tr>\n<td>Ziel:<\/td>\n<td>Marktforschung<\/td>\n<\/tr>\n<tr>\n<td>Daten:<\/td>\n<td>Gewohnheiten, Lebensstil, Reiseverhalten, Surfverhalten, Namensangaben, E-Mail Adresse, Telefonnummer, Verhaltensdaten<\/td>\n<\/tr>\n<tr>\n<td>Basis:<\/td>\n<td>Berechtigtes Interesse<\/td>\n<\/tr>\n<tr>\n<td>Beteiligtes Interesse:<\/td>\n<td>Kommerzielles Interesse<\/td>\n<\/tr>\n<tr>\n<td>Aufbewahrungsdauer:<\/td>\n<td>So lange wie f\u00fcr diesen Zweck notwendig<\/td>\n<\/tr>\n<tr>\n<td><\/td>\n<td><\/td>\n<\/tr>\n<tr>\n<td>Ziel:<\/td>\n<td>Wissenschaftliche Forschung<\/td>\n<\/tr>\n<tr>\n<td>Daten:<\/td>\n<td>Gewohnheiten, Lebensstil, Reiseverhalten, Surfverhalten, Namensangaben, E-Mail Adresse, Telefonnummer, Verhaltensdaten<\/td>\n<\/tr>\n<tr>\n<td>Basis:<\/td>\n<td>Berechtigtes Interesse<\/td>\n<\/tr>\n<tr>\n<td>Beteiligtes Interesse:<\/td>\n<td>Kommerzielles Interesse<\/td>\n<\/tr>\n<tr>\n<td>Aufbewahrungsdauer:<\/td>\n<td>So lange wie f\u00fcr diesen Zweck notwendig<\/td>\n<\/tr>\n<tr>\n<td><\/td>\n<td><\/td>\n<\/tr>\n<\/tbody>\n<\/table>\n<p><strong>Wie kommen wir an Ihre pers\u00f6nlichen Daten?<\/strong><\/p>\n<p>V-tron speichert Daten \u00fcber Sie, weil Sie sie uns zur Verf\u00fcgung gestellt haben.<\/p>\n<p><strong style=\"font-size: 14px;\">Welche Rechte haben Sie?<\/strong><\/p>\n<p>Nach der europ\u00e4ischen Datenschutzgrundverordnung haben Sie eine Reihe von Rechten in Bezug auf Ihre Daten und deren Verarbeitung:<\/p>\n<p><strong>Inspektion<\/strong><\/p>\n<p>Wenn Sie Einsicht in die \u00fcber Sie bei V-tron gespeicherten personenbezogenen Daten nehmen m\u00f6chten, k\u00f6nnen Sie einen Antrag auf Einsichtnahme stellen.<\/p>\n<p><strong>\u00c4ndern<\/strong><\/p>\n<p>Wenn Sie \u00c4nderungen an personenbezogenen Daten vornehmen m\u00f6chten, die Sie aufgrund eines \u00dcberpr\u00fcfungsantrags gesehen haben und die Sie nicht selbst in Ihrem Konto \u00e4ndern k\u00f6nnen, k\u00f6nnen Sie einen Antrag an V-tron stellen. Sie k\u00f6nnen verlangen, dass V-tron Ihre Daten \u00e4ndert, berichtigt, erg\u00e4nzt, l\u00f6scht oder sperrt.<\/p>\n<p><strong>Begrenzung der Verarbeitung<\/strong><\/p>\n<p>Sie haben auch das Recht, unter bestimmten Bedingungen von V-tron zu verlangen, dass die Verarbeitung Ihrer personenbezogenen Daten eingeschr\u00e4nkt wird.<\/p>\n<p><strong>Recht auf Widerspruch<\/strong><\/p>\n<p>Sollte eine bestimmte Verarbeitung auf dem &#8222;berechtigten Interesse&#8220; von V-tron oder eines Dritten beruhen, haben Sie das Recht, dieser Verarbeitung zu widersprechen.<\/p>\n<p><strong>Daten\u00fcbertragung<\/strong><\/p>\n<p>Sie haben das Recht, Ihre pers\u00f6nlichen Daten von V-tron zu erhalten. V-tron wird sie in einer strukturierten und gemeinsamen Form bereitstellen, auf die in anderen g\u00e4ngigen digitalen Systemen leicht zugegriffen werden kann. So k\u00f6nnen Sie Ihre Daten auch zu einem anderen Anbieter \u00fcbertragen.<\/p>\n<p><strong>Zustimmung widerrufen<\/strong><\/p>\n<p>In allen F\u00e4llen, in denen die Grundlage f\u00fcr eine bestimmte Datenverarbeitung Ihre Einwilligung ist, haben Sie das Recht, diese Einwilligung zu widerrufen. Dies hat keine Auswirkungen auf die Vergangenheit, bedeutet aber, dass wir diese Daten dann nicht mehr verarbeiten d\u00fcrfen. Infolgedessen ist V-tron m\u00f6glicherweise nicht mehr in der Lage, Ihnen bestimmte Dienste zur Verf\u00fcgung zu stellen.<\/p>\n<p><strong>Kommentar von V-tron<\/strong><\/p>\n<p>Eine Anfrage kann an <a href=\"mailto:backoffice@v-tron.eu\">backoffice@v-tron.eu<\/a> gerichtet werden. V-tron wird Ihrem Antrag so schnell wie m\u00f6glich nachkommen, sp\u00e4testens jedoch einen (1) Monat nach Eingang des Antrags bei V-tron. Wenn V-tron Ihren Antrag ablehnt, werden wir in unserer Antwort angeben, warum der Antrag abgelehnt wird.<strong style=\"font-size: 14px;\"><br \/><\/strong><\/p>\n<p><strong>Empf\u00e4nger von personenbezogenen Daten<\/strong><\/p>\n<p>Einzelheiten k\u00f6nnen an folgende Adresse geschickt werden:<\/p>\n<ul>\n<li>Prozessoren<\/li>\n<li>Parteien, die an der Ausf\u00fchrung oder Erf\u00fcllung eines Vertrags zwischen Ihnen und V-tron beteiligt sind<\/li>\n<li>Externe Berater<\/li>\n<\/ul>\n<p>V-tron kann verpflichtet sein, Ihre Daten an Dritte weiterzugeben, zum Beispiel aufgrund einer gesetzlichen Verpflichtung.<\/p>\n<p><strong>\u00dcbermittlung an Drittl\u00e4nder oder internationale Organisationen<\/strong><\/p>\n<p>Aus (z. B.) technischen und betrieblichen Gr\u00fcnden kann es erforderlich sein, dass Ihre (personenbezogene) Daten k\u00f6nnen an mit V-tron verbundene Unternehmen au\u00dferhalb des Europ\u00e4ischen Wirtschaftsraums \u00fcbermittelt werden. Da die dortigen Datenschutzbestimmungen m\u00f6glicherweise nicht den gleichen Schutz bieten wie innerhalb des Europ\u00e4ischen Wirtschaftsraums, wird V-tron die EU-Musterklauseln verwenden, um Ihre Privatsph\u00e4re so weit wie m\u00f6glich zu sch\u00fctzen. Sollte dies nicht m\u00f6glich sein, bittet V-tron Sie um Ihr Einverst\u00e4ndnis, Ihre (personenbezogenen) Daten in L\u00e4nder zu \u00fcbermitteln, die kein angemessenes Schutzniveau bieten. Sie k\u00f6nnen diese Zustimmung jederzeit widerrufen.<\/p>\n<p><strong>Was sind Cookies und wie werden sie von V-tron verwendet?<\/strong><\/p>\n<p>Cookies sind kleine (Text-)Informationen, die an Ihren Browser gesendet werden, wenn Sie die V-tron Website besuchen, und die dann auf der Festplatte oder im Speicher Ihres Computers, Tablets, Mobiltelefons oder anderen Ger\u00e4ts (im Folgenden &#8222;Ger\u00e4t&#8220;) gespeichert werden. Cookies, die \u00fcber die V-tron Website gesetzt werden, k\u00f6nnen Ihr Ger\u00e4t oder die darauf gespeicherten Dateien nicht besch\u00e4digen. Wenn wir von &#8222;Cookies&#8220; sprechen, meinen wir nicht nur diese kleinen (Text-)Informationen, sondern auch \u00e4hnliche Techniken, die Informationen sammeln, wie z. B. das Fingerprinting von Ger\u00e4ten.<\/p>\n<p><strong>Kann diese Datenschutzerkl\u00e4rung ge\u00e4ndert werden?<\/strong><\/p>\n<p>Diese Datenschutzerkl\u00e4rung kann ge\u00e4ndert werden. Wir empfehlen Ihnen daher, die Datenschutzerkl\u00e4rung regelm\u00e4\u00dfig auf etwaige \u00c4nderungen zu \u00fcberpr\u00fcfen.<\/p>\n<p><strong>Wohin wenden Sie sich bei Beschwerden und Fragen?<\/strong><\/p>\n<p>Wenn Sie Fragen zu dieser Datenschutzerkl\u00e4rung und der Verwendung Ihrer Daten durch V-tron haben, senden Sie bitte eine E-Mail an <a href=\"mailto:backoffice@v-tron.eu\">backoffice@v-tron.eu<\/a>. Wenn Sie sich \u00fcber die Art und Weise beschweren m\u00f6chten, wie V-tron Ihre Daten verarbeitet, senden Sie bitte eine E-Mail an <a href=\"mailto:backoffice@v-tron.eu\">backoffice@v-tron.eu<\/a>. Dar\u00fcber hinaus k\u00f6nnen Sie sich jederzeit an die zust\u00e4ndige nationale Datenschutzbeh\u00f6rde wenden. In den Niederlanden ist dies die <a href=\"https:\/\/www.autoriteitpersoonsgegevens.nl\/\">Beh\u00f6rde f\u00fcr personenbezogene Daten<\/a>.<\/p>\n<p>[\/et_pb_blurb][\/et_pb_column][\/et_pb_row][\/et_pb_section]<\/p>\n","protected":false},"excerpt":{"rendered":"<p>&nbsp; Einleitung V-tron nimmt den Schutz Ihrer Privatsph\u00e4re sehr ernst und verarbeitet und nutzt Informationen \u00fcber Sie (die betroffene Person) auf sichere Art und Weise. In dieser Datenschutzerkl\u00e4rung erl\u00e4utern wir Ihnen, welche Daten wir verarbeiten und zu welchem Zweck. Dar\u00fcber hinaus k\u00f6nnen Sie sich in dieser Datenschutzerkl\u00e4rung \u00fcber Ihre Rechte in Bezug auf die Verarbeitung [&hellip;]<\/p>\n","protected":false},"author":1,"featured_media":0,"parent":0,"menu_order":0,"comment_status":"closed","ping_status":"closed","template":"","meta":{"_et_pb_use_builder":"on","_et_pb_old_content":"","_et_gb_content_width":"","_exactmetrics_skip_tracking":false,"_exactmetrics_sitenote_active":false,"_exactmetrics_sitenote_note":"","_exactmetrics_sitenote_category":0,"footnotes":""},"class_list":["post-10917","page","type-page","status-publish","hentry"],"_links":{"self":[{"href":"https:\/\/v-tron.nl\/de\/wp-json\/wp\/v2\/pages\/10917","targetHints":{"allow":["GET"]}}],"collection":[{"href":"https:\/\/v-tron.nl\/de\/wp-json\/wp\/v2\/pages"}],"about":[{"href":"https:\/\/v-tron.nl\/de\/wp-json\/wp\/v2\/types\/page"}],"author":[{"embeddable":true,"href":"https:\/\/v-tron.nl\/de\/wp-json\/wp\/v2\/users\/1"}],"replies":[{"embeddable":true,"href":"https:\/\/v-tron.nl\/de\/wp-json\/wp\/v2\/comments?post=10917"}],"version-history":[{"count":2,"href":"https:\/\/v-tron.nl\/de\/wp-json\/wp\/v2\/pages\/10917\/revisions"}],"predecessor-version":[{"id":10923,"href":"https:\/\/v-tron.nl\/de\/wp-json\/wp\/v2\/pages\/10917\/revisions\/10923"}],"wp:attachment":[{"href":"https:\/\/v-tron.nl\/de\/wp-json\/wp\/v2\/media?parent=10917"}],"curies":[{"name":"wp","href":"https:\/\/api.w.org\/{rel}","templated":true}]}}