{"id":10909,"date":"2022-10-20T11:04:22","date_gmt":"2022-10-20T09:04:22","guid":{"rendered":"https:\/\/v-tron.nl\/cookie-statement\/"},"modified":"2023-11-29T13:48:57","modified_gmt":"2023-11-29T12:48:57","slug":"cookie-statement","status":"publish","type":"page","link":"https:\/\/v-tron.nl\/de\/cookie-statement\/","title":{"rendered":"COOKIE STATEMENT"},"content":{"rendered":"<p>[et_pb_section fb_built=&#8220;1&#8243; _builder_version=&#8220;4.16&#8243; global_colors_info=&#8220;{}&#8220;][et_pb_row _builder_version=&#8220;4.16&#8243; global_colors_info=&#8220;{}&#8220;][et_pb_column type=&#8220;4_4&#8243; _builder_version=&#8220;4.16&#8243; custom_padding=&#8220;|||&#8220; global_colors_info=&#8220;{}&#8220; custom_padding__hover=&#8220;|||&#8220;][et_pb_blurb image=&#8220;https:\/\/v-tron.nl\/wp-content\/uploads\/health-1810876_1280.jpg&#8220; _builder_version=&#8220;4.21.0&#8243; global_colors_info=&#8220;{}&#8220;][\/et_pb_blurb][\/et_pb_column][\/et_pb_row][et_pb_row _builder_version=&#8220;4.16&#8243; global_colors_info=&#8220;{}&#8220;][et_pb_column type=&#8220;4_4&#8243; _builder_version=&#8220;4.16&#8243; custom_padding=&#8220;|||&#8220; global_colors_info=&#8220;{}&#8220; custom_padding__hover=&#8220;|||&#8220;][et_pb_blurb title=&#8220;COOKIE-ERKL\u00c4RUNG &#8220; _builder_version=&#8220;4.21.0&#8243; hover_enabled=&#8220;0&#8243; global_colors_info=&#8220;{}&#8220; sticky_enabled=&#8220;0&#8243;]<span style=\"font-size: 14px;\"><br \/>\nDiese Cookie-Erkl\u00e4rung beschreibt die von V-tron B.V. (im Folgenden auch als &#8222;V-tron&#8220; oder &#8222;wir&#8220; und &#8222;uns&#8220; bezeichnet) \u00fcber die Website <a href=\"http:\/\/www.v-tron.nl\">www.v-tron.nl<\/a>\u00a0 (nachfolgend: die \u201cWebsite\u201d) verwendeten Cookies und zu welchem Zweck diese Cookies verwendet werden.<\/span><\/p>\n<p><strong>Was sind Cookies?<\/strong><\/p>\n<p>Cookies sind kleine (Text-)Informationen, die an Ihren Browser gesendet werden, wenn Sie eine Website besuchen, und die dann auf der Festplatte oder im Speicher Ihres Computers, Tablets oder Mobiltelefons (im Folgenden: &#8222;Ger\u00e4t&#8220;) gespeichert werden. \u00dcber die Website platzierte Cookies k\u00f6nnen Ihr Ger\u00e4t oder die darauf gespeicherten Dateien nicht besch\u00e4digen.<\/p>\n<p>Welche Cookies verwendet V-tron?<br \/>\n<strong>Funktionsf\u00e4hige Cookies<\/strong><\/p>\n<p>V-tron verwendet in erster Linie funktionale Cookies. Diese Cookies sind notwendig, um Ihnen die von Ihnen angeforderten Dienste und Funktionalit\u00e4ten zur Verf\u00fcgung zu stellen. Funktionale Cookies merken sich zum Beispiel, dass Sie angemeldet sind, damit Sie sich auf der n\u00e4chsten Webseite nicht erneut anmelden m\u00fcssen.<\/p>\n<p><strong>Analyse-Cookies<\/strong><\/p>\n<p>F\u00fcr die Erhebung von Statistiken \u00fcber die Nutzung und den Besuch der Website nutzt V-tron Analysedienste. Diese Daten werden vom Anbieter dieser Analysedienste ausgewertet und die Ergebnisse werden V-tron zur Verf\u00fcgung gestellt. Auf diese Weise erh\u00e4lt V-tron Einblick in die Nutzung der Website und kann auf der Grundlage dieser Daten die Website und\/oder ihre Dienste gegebenenfalls anpassen. Wenn dies gesetzlich vorgeschrieben ist, kann der Analysedienst diese Informationen auch an Dritte weitergeben. V-tron verwendet die folgenden Analysedienste: Google Analytics, Exactmetrics.<\/p>\n<p>Wir haben unsere Analysedienste so eingerichtet, dass sie so datenschutzfreundlich wie m\u00f6glich sind. Das bedeutet, dass wir die folgenden Ma\u00dfnahmen ergriffen haben, um Ihre Privatsph\u00e4re zu sch\u00fctzen:<\/p>\n<ol>\n<li>Wir haben mit dem Anbieter von Analysediensten einen Vertrag \u00fcber die Verarbeitung geschlossen.<\/li>\n<\/ol>\n<p><strong>Cookies l\u00f6schen<\/strong><\/p>\n<p>Die Erlaubnis, die Sie V-tron erteilt haben, Cookies zu setzen und zu lesen, k\u00f6nnen Sie jederzeit widerrufen, indem Sie Ihren Browser so einstellen, dass er keine Cookies akzeptiert, oder indem Sie alle bereits gesetzten Cookies in Ihrem Browser l\u00f6schen. Bitte konsultieren Sie die Hilfefunktion Ihres Browsers, um herauszufinden, wie Sie Cookies l\u00f6schen k\u00f6nnen.<\/p>\n<p>Sie sollten jedoch beachten, dass das L\u00f6schen von Cookies dazu f\u00fchren kann, dass bestimmte Teile der Website nicht richtig oder \u00fcberhaupt nicht funktionieren.<\/p>\n<p>Die Ablehnung und L\u00f6schung von Cookies wirkt sich nur auf den Computer und den Browser aus, auf dem Sie diese Aktion durchf\u00fchren. Wenn Sie mehrere Computer und\/oder Browser verwenden, m\u00fcssen Sie die obige(n) Aktion(en) f\u00fcr jeden Computer und\/oder Browser wiederholen.<\/p>\n<p><strong>Erkl\u00e4rung zum Datenschutz<br \/>\n<\/strong><\/p>\n<p>Es ist m\u00f6glich, dass die durch ein Cookie gesammelten Informationen personenbezogene Daten enthalten. Wenn dies der Fall ist, unterliegt die Verarbeitung dieser personenbezogenen Daten ebenfalls der Datenschutzerkl\u00e4rung von V-tron. Die Datenschutzerkl\u00e4rung kann auf der Website eingesehen werden.<\/p>\n<p><strong>\u00c4nderungen<\/strong><\/p>\n<p>Diese Cookie-Erkl\u00e4rung kann ge\u00e4ndert werden. \u00c4nderungen an dieser Cookie-Erkl\u00e4rung werden auf der Website bekannt gegeben.<\/p>\n<p><strong>Fragen<\/strong><\/p>\n<p>Wenn Sie Fragen zu dieser Cookie-Erkl\u00e4rung haben, senden Sie bitte eine Nachricht an <a href=\"mailto:backoffice@v-tron.eu\">backoffice@v-tron.eu<\/a>.[\/et_pb_blurb][\/et_pb_column][\/et_pb_row][\/et_pb_section]<\/p>\n","protected":false},"excerpt":{"rendered":"<p>Diese Cookie-Erkl\u00e4rung beschreibt die von V-tron B.V. (im Folgenden auch als &#8222;V-tron&#8220; oder &#8222;wir&#8220; und &#8222;uns&#8220; bezeichnet) \u00fcber die Website www.v-tron.nl\u00a0 (nachfolgend: die \u201cWebsite\u201d) verwendeten Cookies und zu welchem Zweck diese Cookies verwendet werden. Was sind Cookies? Cookies sind kleine (Text-)Informationen, die an Ihren Browser gesendet werden, wenn Sie eine Website besuchen, und die dann [&hellip;]<\/p>\n","protected":false},"author":1,"featured_media":0,"parent":0,"menu_order":0,"comment_status":"closed","ping_status":"closed","template":"","meta":{"_et_pb_use_builder":"on","_et_pb_old_content":"","_et_gb_content_width":"","_exactmetrics_skip_tracking":false,"_exactmetrics_sitenote_active":false,"_exactmetrics_sitenote_note":"","_exactmetrics_sitenote_category":0,"footnotes":""},"class_list":["post-10909","page","type-page","status-publish","hentry"],"_links":{"self":[{"href":"https:\/\/v-tron.nl\/de\/wp-json\/wp\/v2\/pages\/10909","targetHints":{"allow":["GET"]}}],"collection":[{"href":"https:\/\/v-tron.nl\/de\/wp-json\/wp\/v2\/pages"}],"about":[{"href":"https:\/\/v-tron.nl\/de\/wp-json\/wp\/v2\/types\/page"}],"author":[{"embeddable":true,"href":"https:\/\/v-tron.nl\/de\/wp-json\/wp\/v2\/users\/1"}],"replies":[{"embeddable":true,"href":"https:\/\/v-tron.nl\/de\/wp-json\/wp\/v2\/comments?post=10909"}],"version-history":[{"count":3,"href":"https:\/\/v-tron.nl\/de\/wp-json\/wp\/v2\/pages\/10909\/revisions"}],"predecessor-version":[{"id":12683,"href":"https:\/\/v-tron.nl\/de\/wp-json\/wp\/v2\/pages\/10909\/revisions\/12683"}],"wp:attachment":[{"href":"https:\/\/v-tron.nl\/de\/wp-json\/wp\/v2\/media?parent=10909"}],"curies":[{"name":"wp","href":"https:\/\/api.w.org\/{rel}","templated":true}]}}